{"id":841,"date":"2023-10-09T08:47:17","date_gmt":"2023-10-09T08:47:17","guid":{"rendered":"https:\/\/lejasdespapes.com\/produits\/"},"modified":"2024-03-22T11:07:09","modified_gmt":"2024-03-22T11:07:09","slug":"produits","status":"publish","type":"page","link":"https:\/\/lejasdespapes.com\/fr\/produits\/","title":{"rendered":"Les Vins"},"content":{"rendered":"<div class=\"wpb-content-wrapper\"><p>[vc_section full_width=\u00a0\u00bbstretch_row\u00a0\u00bb el_class=\u00a0\u00bbblock-22 c1-bg\u00a0\u00bb][vc_row full_width=\u00a0\u00bbstretch_row\u00a0\u00bb css=\u00a0\u00bb.vc_custom_1702918441395{background-image: url(https:\/\/lejasdespapes.com\/wp-content\/uploads\/sites\/3\/2023\/12\/Photo-164.jpg?id=1190) !important;background-position: center !important;background-repeat: no-repeat !important;background-size: cover !important;}\u00a0\u00bb el_class=\u00a0\u00bbheading-row\u00a0\u00bb][vc_column][vc_column_text el_class=\u00a0\u00bbbreadcrumbs\u00a0\u00bb]<span><span><a href=\"https:\/\/lejasdespapes.com\/fr\/\">Home<\/a><\/span><\/span>[\/vc_column_text][vc_column_text el_class=\u00a0\u00bbsection-title\u00a0\u00bb]<span class=\"f1\">LES VINS<\/span>[\/vc_column_text][\/vc_column][\/vc_row][vc_row el_class=\u00a0\u00bbscroll-row\u00a0\u00bb][vc_column][vc_column_text el_class=\u00a0\u00bbscroll-text\u00a0\u00bb]<\/p>\n<p style=\"text-align: center;\"><span class=\"f1\"><span class=\"f1 c3\">D\u00e9couvrez nos vins bio<\/span><\/span><\/p>\n<p>[\/vc_column_text][\/vc_column][\/vc_row][\/vc_section][vc_section full_width=\u00a0\u00bbstretch_row\u00a0\u00bb el_class=\u00a0\u00bbblock-1 v-2-text-right c1-bg\u00a0\u00bb][vc_row equal_height=\u00a0\u00bbyes\u00a0\u00bb][vc_column width=\u00a0\u00bb1\/2&Prime; el_class=\u00a0\u00bbmy-col-1&Prime;][vc_row_inner equal_height=\u00a0\u00bbyes\u00a0\u00bb][vc_column_inner el_class=\u00a0\u00bbmy-sub-col-1&Prime; width=\u00a0\u00bb1\/2&Prime;][vc_single_image image=\u00a0\u00bb1310&Prime; img_size=\u00a0\u00bbfull\u00a0\u00bb][\/vc_column_inner][vc_column_inner el_class=\u00a0\u00bbmy-sub-col-2&Prime; width=\u00a0\u00bb1\/2&Prime;][vc_single_image image=\u00a0\u00bb1313&Prime; img_size=\u00a0\u00bbfull\u00a0\u00bb][\/vc_column_inner][\/vc_row_inner][\/vc_column][vc_column width=\u00a0\u00bb1\/2&Prime; el_class=\u00a0\u00bbmy-col-2&Prime;][vc_column_text el_class=\u00a0\u00bbtitle\u00a0\u00bb]<span class=\"f1 c3\">Notre<\/span><br \/>\n<span class=\"f1 c4\">philosophie<\/span>[\/vc_column_text][vc_column_text el_class=\u00a0\u00bbtext\u00a0\u00bb]<span class=\"f2\">Nous croyons \u00e0 la vinification simple et traditionnelle, \u00e9vitant les additifs et comptant sur la qualit\u00e9 de nos vignes pour produire des vins authentiques d&rsquo;une grande d\u00e9licatesse. Chaque mill\u00e9sime est unique et c&rsquo;est cette typicit\u00e9 que nous souhaitons voir refl\u00e9ter tous les ans dans nos vins.<\/span>[\/vc_column_text][\/vc_column][\/vc_row][\/vc_section][vc_section full_width=\u00a0\u00bbstretch_row\u00a0\u00bb el_class=\u00a0\u00bbblock-2-v2 c1-bg\u00a0\u00bb][vc_row][vc_column][vc_column_text el_class=\u00a0\u00bbtext\u00a0\u00bb]<\/p>\n<p style=\"text-align: center;\"><span class=\"f2 f1 c4\">Les vins du Jas des Papes sont l&rsquo;expression la plus fid\u00e8le de leur terroir et le reflet de l\u2019identit\u00e9 du domaine, \u00e0 la fois modernes et raffin\u00e9s.<\/span><\/p>\n<p>[\/vc_column_text][\/vc_column][\/vc_row][\/vc_section][vc_section full_width=\u00a0\u00bbstretch_row\u00a0\u00bb el_class=\u00a0\u00bbblock-9-v2-small-img c1-bg\u00a0\u00bb][vc_row equal_height=\u00a0\u00bbyes\u00a0\u00bb content_placement=\u00a0\u00bbmiddle\u00a0\u00bb][vc_column width=\u00a0\u00bb1\/2&Prime; el_class=\u00a0\u00bbtext-col\u00a0\u00bb][vc_column_text el_class=\u00a0\u00bbtitle\u00a0\u00bb]<span class=\"f1 c3\">Nos<\/span><br \/>\n<span class=\"f1 c4\">cuv\u00e9es<\/span>[\/vc_column_text][vc_column_text el_class=\u00a0\u00bbtext\u00a0\u00bb]<span class=\"f2\">Nos raisins sont r\u00e9colt\u00e9s \u00e0 la main, ils sont ensuite tri\u00e9s m\u00e9ticuleusement avant d&rsquo;\u00eatre vinifi\u00e9s s\u00e9par\u00e9ment. Les Grenaches, Cinsaults, Mourv\u00e8dres fermentent et vieillissent dans nos f\u00fbts tronconiques pour garder la fraicheur et le croquant du fruit, alors que nous vinifions nos Syrahs plus traditionnellement dans des barriques de ch\u00eane fran\u00e7ais pour apporter de la rondeur aux tannins.<\/span><\/p>\n<p><span class=\"f2\">Notre vin blanc, issu de Clairettes et Grenaches Blancs est vieillis en demi-muid de ch\u00eane.<\/span>[\/vc_column_text][\/vc_column][vc_column width=\u00a0\u00bb1\/2&Prime; el_class=\u00a0\u00bbimg-col\u00a0\u00bb][vc_single_image image=\u00a0\u00bb1149&Prime; img_size=\u00a0\u00bbfull\u00a0\u00bb el_class=\u00a0\u00bbimg-1&Prime;][vc_single_image image=\u00a0\u00bb1084&Prime; img_size=\u00a0\u00bbfull\u00a0\u00bb el_class=\u00a0\u00bbimg-2&Prime;][\/vc_column][\/vc_row][\/vc_section][vc_section full_width=\u00a0\u00bbstretch_row_content\u00a0\u00bb el_class=\u00a0\u00bbblock-23 c1-bg\u00a0\u00bb][vc_row][vc_column]<div class=\"row products-row\">\n    <div class=\"col filter\">\n        <form class=\"filter-inner\">\n            <div class=\"title f1\">\n                <span class=\"c3\">nos<\/span>\n                <br>\n                <span class=\"c4\">vins &amp; huiles<\/span>\n            <\/div>\n            <div class=\"filter-wrapper\">\n                <div class=\"filter-name c4 f1\">FILTRER PAR PRODUIT<\/div>\n                                                            <div class=\"checkbox\">\n                            <input type=\"checkbox\" id=\"cat-32\" name=\"filters[product_categories][]\" value=\"32\">\n                            <label for=\"cat-32\" class=\"f2 c4\">\n                                <span class=\"name\">Rouge<\/span>\n                            <\/label>\n                        <\/div>\n                                            <div class=\"checkbox\">\n                            <input type=\"checkbox\" id=\"cat-33\" name=\"filters[product_categories][]\" value=\"33\">\n                            <label for=\"cat-33\" class=\"f2 c4\">\n                                <span class=\"name\">Blanc<\/span>\n                            <\/label>\n                        <\/div>\n                                                <\/div>\n        <\/form>\n    <\/div>\n\n    <div class=\"col products\">\n        <div class=\"products-wrapper\">\n                            <div class=\"row\">\n                                    <div class=\"col-6 col-md-4\">\n                    \n<div class=\"product\">\n    <img decoding=\"async\" src=\"https:\/\/lejasdespapes.com\/wp-content\/uploads\/sites\/3\/2025\/11\/Jas-des-Papes-detoure-CALAVON.png\" alt=\"\">\n    <div class=\"product-domain f1\">Lieu-dit Saumades<\/div>\n    <div class=\"product-title f2 c4\">AOP Ch\u00e2teauneuf-du-Pape - Saumades<\/div>\n    <div class=\"product-info f2 c4\">2023 - 75cl - Rouge<\/div>\n    <div class=\"links\">\n        <a href=\"https:\/\/lejasdespapes.com\/fr\/produits\/aop-chateauneuf-du-pape-saumades\/\" class=\"view-more f2 c4 c3-border\">En savoir plus<\/a>\n        <a href=\"\" class=\"external-link c4\" target=\"_blank\"><\/a>\n    <\/div>\n<\/div>\n                    <\/div>\n                                    <div class=\"col-6 col-md-4\">\n                    \n<div class=\"product\">\n    <img decoding=\"async\" src=\"https:\/\/lejasdespapes.com\/wp-content\/uploads\/sites\/3\/2023\/10\/Le-jas-des-papes-rouge-75-cl-SM-.png\" alt=\"\">\n    <div class=\"product-domain f1\">Le Jas des Papes<\/div>\n    <div class=\"product-title f2 c4\">AOP Ch\u00e2teauneuf-du-pape<\/div>\n    <div class=\"product-info f2 c4\">2022 - 75cl - Rouge<\/div>\n    <div class=\"links\">\n        <a href=\"https:\/\/lejasdespapes.com\/fr\/produits\/aop-chateauneuf-du-pape-2-2\/\" class=\"view-more f2 c4 c3-border\">En savoir plus<\/a>\n        <a href=\"https:\/\/familleaudibert.plugwine.com\/vins\/la-jas-des-papes-le-jas-rouge\/chateauneuf-du-pape-rouge-2022\/47421\" class=\"external-link c4\" target=\"_blank\"><\/a>\n    <\/div>\n<\/div>\n                    <\/div>\n                                    <div class=\"col-6 col-md-4\">\n                    \n<div class=\"product\">\n    <img decoding=\"async\" src=\"https:\/\/lejasdespapes.com\/wp-content\/uploads\/sites\/3\/2023\/10\/Le-jas-des-papes-Blanc-75-cl-S.png\" alt=\"\">\n    <div class=\"product-domain f1\">le jas des papes<\/div>\n    <div class=\"product-title f2 c4\">AOP Ch\u00e2teauneuf-du-pape<\/div>\n    <div class=\"product-info f2 c4\">2024 - 75cl - Blanc<\/div>\n    <div class=\"links\">\n        <a href=\"https:\/\/lejasdespapes.com\/fr\/produits\/aop-chateauneuf-du-pape\/\" class=\"view-more f2 c4 c3-border\">En savoir plus<\/a>\n        <a href=\"https:\/\/familleaudibert.plugwine.com\/vins\/le-jas-des-papes-le-jas-blanc\/chateauneuf-du-pape-blanc-2024\/47430\" class=\"external-link c4\" target=\"_blank\"><\/a>\n    <\/div>\n<\/div>\n                    <\/div>\n                                <\/div>\n                    <\/div>\n    <\/div>\n<\/div>[\/vc_column][\/vc_row][\/vc_section][vc_section full_width=\u00a0\u00bbstretch_row\u00a0\u00bb el_class=\u00a0\u00bbblock-8 c2-bg\u00a0\u00bb][vc_row equal_height=\u00a0\u00bbyes\u00a0\u00bb content_placement=\u00a0\u00bbmiddle\u00a0\u00bb][vc_column width=\u00a0\u00bb1\/2&Prime;][vc_column_text el_class=\u00a0\u00bbsection-title\u00a0\u00bb]<\/p>\n<p style=\"text-align: left;\"><span class=\"f1 c3\">Inscrivez vous \u00e0 notre<\/span><br \/>\n<span class=\"f1 c4\">newsletter<\/span><\/p>\n<p>[\/vc_column_text][\/vc_column][vc_column width=\u00a0\u00bb1\/2&Prime;][vc_column_text el_class=\u00a0\u00bbform-desc\u00a0\u00bb]<span class=\"f2\">Recevez en avant-premi\u00e8re toute notre actualit\u00e9 ainsi que des offres exceptionnelles toute l\u2019ann\u00e9e.<\/span>[\/vc_column_text]\n<div class=\"wpcf7 no-js\" id=\"wpcf7-f683-o1\" lang=\"en-US\" dir=\"ltr\" data-wpcf7-id=\"683\">\n<div class=\"screen-reader-response\"><p role=\"status\" aria-live=\"polite\" aria-atomic=\"true\"><\/p> <ul><\/ul><\/div>\n<form action=\"\/fr\/wp-json\/wp\/v2\/pages\/841#wpcf7-f683-o1\" method=\"post\" class=\"wpcf7-form init\" aria-label=\"Contact form\" novalidate=\"novalidate\" data-status=\"init\">\n<fieldset class=\"hidden-fields-container\"><input type=\"hidden\" name=\"_wpcf7\" value=\"683\" \/><input type=\"hidden\" name=\"_wpcf7_version\" value=\"6.1.5\" \/><input type=\"hidden\" name=\"_wpcf7_locale\" value=\"en_US\" \/><input type=\"hidden\" name=\"_wpcf7_unit_tag\" value=\"wpcf7-f683-o1\" \/><input type=\"hidden\" name=\"_wpcf7_container_post\" value=\"0\" \/><input type=\"hidden\" name=\"_wpcf7_posted_data_hash\" value=\"\" \/><input type=\"hidden\" name=\"_wpcf7_recaptcha_response\" value=\"\" \/>\n<\/fieldset>\n<span class=\"wpcf7-form-control-wrap\" data-name=\"your-email\"><input size=\"40\" maxlength=\"400\" class=\"wpcf7-form-control wpcf7-email wpcf7-validates-as-required wpcf7-text wpcf7-validates-as-email\" autocomplete=\"email\" aria-required=\"true\" aria-invalid=\"false\" placeholder=\"Email\" value=\"\" type=\"email\" name=\"your-email\" \/><\/span>\n<div class=\"btn-icon c4\">\n<button type=\"submit\"><\/button>\n<\/div><div class=\"wpcf7-response-output\" aria-hidden=\"true\"><\/div>\n<\/form>\n<\/div>\n[\/vc_column][\/vc_row][\/vc_section]<\/p>\n<\/div>","protected":false},"excerpt":{"rendered":"<p>[vc_section full_width=\u00a0\u00bbstretch_row\u00a0\u00bb el_class=\u00a0\u00bbblock-22 c1-bg\u00a0\u00bb][vc_row full_width=\u00a0\u00bbstretch_row\u00a0\u00bb css=\u00a0\u00bb.vc_custom_1702918441395{background-image: url(https:\/\/lejasdespapes.com\/wp-content\/uploads\/sites\/3\/2023\/12\/Photo-164.jpg?id=1190) !important;background-position: center !important;background-repeat: no-repeat !important;background-size: cover !important;}\u00a0\u00bb el_class=\u00a0\u00bbheading-row\u00a0\u00bb][vc_column][vc_column_text el_class=\u00a0\u00bbbreadcrumbs\u00a0\u00bb][\/vc_column_text][vc_column_text el_class=\u00a0\u00bbsection-title\u00a0\u00bb]LES VINS[\/vc_column_text][\/vc_column][\/vc_row][vc_row el_class=\u00a0\u00bbscroll-row\u00a0\u00bb][vc_column][vc_column_text el_class=\u00a0\u00bbscroll-text\u00a0\u00bb] D\u00e9couvrez nos vins bio [\/vc_column_text][\/vc_column][\/vc_row][\/vc_section][vc_section full_width=\u00a0\u00bbstretch_row\u00a0\u00bb el_class=\u00a0\u00bbblock-1 v-2-text-right c1-bg\u00a0\u00bb][vc_row equal_height=\u00a0\u00bbyes\u00a0\u00bb][vc_column width=\u00a0\u00bb1\/2&Prime; el_class=\u00a0\u00bbmy-col-1&Prime;][vc_row_inner equal_height=\u00a0\u00bbyes\u00a0\u00bb][vc_column_inner el_class=\u00a0\u00bbmy-sub-col-1&Prime; width=\u00a0\u00bb1\/2&Prime;][vc_single_image image=\u00a0\u00bb1310&Prime; img_size=\u00a0\u00bbfull\u00a0\u00bb][\/vc_column_inner][vc_column_inner el_class=\u00a0\u00bbmy-sub-col-2&Prime; width=\u00a0\u00bb1\/2&Prime;][vc_single_image image=\u00a0\u00bb1313&Prime; img_size=\u00a0\u00bbfull\u00a0\u00bb][\/vc_column_inner][\/vc_row_inner][\/vc_column][vc_column width=\u00a0\u00bb1\/2&Prime; el_class=\u00a0\u00bbmy-col-2&Prime;][vc_column_text el_class=\u00a0\u00bbtitle\u00a0\u00bb]Notre philosophie[\/vc_column_text][vc_column_text el_class=\u00a0\u00bbtext\u00a0\u00bb]Nous croyons \u00e0 la vinification simple et traditionnelle, \u00e9vitant les [&hellip;]<\/p>\n","protected":false},"author":1,"featured_media":1122,"parent":0,"menu_order":0,"comment_status":"closed","ping_status":"closed","template":"","meta":{"_acf_changed":false,"footnotes":""},"class_list":["post-841","page","type-page","status-publish","hentry"],"acf":[],"yoast_head":"<!-- This site is optimized with the Yoast SEO plugin v27.3 - https:\/\/yoast.com\/product\/yoast-seo-wordpress\/ -->\n<title>Les Vins - lejasdespapes<\/title>\n<meta name=\"robots\" content=\"index, follow, max-snippet:-1, max-image-preview:large, max-video-preview:-1\" \/>\n<link rel=\"canonical\" href=\"https:\/\/lejasdespapes.com\/fr\/produits\/\" \/>\n<meta property=\"og:locale\" content=\"fr_FR\" \/>\n<meta property=\"og:type\" content=\"article\" \/>\n<meta property=\"og:title\" content=\"Les Vins - lejasdespapes\" \/>\n<meta property=\"og:description\" content=\"[vc_section full_width=\u00a0\u00bbstretch_row\u00a0\u00bb el_class=\u00a0\u00bbblock-22 c1-bg\u00a0\u00bb][vc_row full_width=\u00a0\u00bbstretch_row\u00a0\u00bb css=\u00a0\u00bb.vc_custom_1702918441395{background-image: url(https:\/\/lejasdespapes.com\/wp-content\/uploads\/sites\/3\/2023\/12\/Photo-164.jpg?id=1190) !important;background-position: center !important;background-repeat: no-repeat !important;background-size: cover !important;}\u00a0\u00bb el_class=\u00a0\u00bbheading-row\u00a0\u00bb][vc_column][vc_column_text el_class=\u00a0\u00bbbreadcrumbs\u00a0\u00bb][\/vc_column_text][vc_column_text el_class=\u00a0\u00bbsection-title\u00a0\u00bb]LES VINS[\/vc_column_text][\/vc_column][\/vc_row][vc_row el_class=\u00a0\u00bbscroll-row\u00a0\u00bb][vc_column][vc_column_text el_class=\u00a0\u00bbscroll-text\u00a0\u00bb] D\u00e9couvrez nos vins bio [\/vc_column_text][\/vc_column][\/vc_row][\/vc_section][vc_section full_width=\u00a0\u00bbstretch_row\u00a0\u00bb el_class=\u00a0\u00bbblock-1 v-2-text-right c1-bg\u00a0\u00bb][vc_row equal_height=\u00a0\u00bbyes\u00a0\u00bb][vc_column width=\u00a0\u00bb1\/2&Prime; el_class=\u00a0\u00bbmy-col-1&Prime;][vc_row_inner equal_height=\u00a0\u00bbyes\u00a0\u00bb][vc_column_inner el_class=\u00a0\u00bbmy-sub-col-1&Prime; width=\u00a0\u00bb1\/2&Prime;][vc_single_image image=\u00a0\u00bb1310&Prime; img_size=\u00a0\u00bbfull\u00a0\u00bb][\/vc_column_inner][vc_column_inner el_class=\u00a0\u00bbmy-sub-col-2&Prime; width=\u00a0\u00bb1\/2&Prime;][vc_single_image image=\u00a0\u00bb1313&Prime; img_size=\u00a0\u00bbfull\u00a0\u00bb][\/vc_column_inner][\/vc_row_inner][\/vc_column][vc_column width=\u00a0\u00bb1\/2&Prime; el_class=\u00a0\u00bbmy-col-2&Prime;][vc_column_text el_class=\u00a0\u00bbtitle\u00a0\u00bb]Notre philosophie[\/vc_column_text][vc_column_text el_class=\u00a0\u00bbtext\u00a0\u00bb]Nous croyons \u00e0 la vinification simple et traditionnelle, \u00e9vitant les [&hellip;]\" \/>\n<meta property=\"og:url\" content=\"https:\/\/lejasdespapes.com\/fr\/produits\/\" \/>\n<meta property=\"og:site_name\" content=\"lejasdespapes\" \/>\n<meta property=\"article:modified_time\" content=\"2024-03-22T11:07:09+00:00\" \/>\n<meta property=\"og:image\" content=\"https:\/\/lejasdespapes.com\/wp-content\/uploads\/sites\/3\/2023\/10\/Cuvee-Rouge_sans-millesime1.png\" \/>\n\t<meta property=\"og:image:width\" content=\"2848\" \/>\n\t<meta property=\"og:image:height\" content=\"4287\" \/>\n\t<meta property=\"og:image:type\" content=\"image\/png\" \/>\n<meta name=\"twitter:card\" content=\"summary_large_image\" \/>\n<meta name=\"twitter:label1\" content=\"Dur\u00e9e de lecture estim\u00e9e\" \/>\n\t<meta name=\"twitter:data1\" content=\"2 minutes\" \/>\n<script type=\"application\/ld+json\" class=\"yoast-schema-graph\">{\"@context\":\"https:\\\/\\\/schema.org\",\"@graph\":[{\"@type\":\"WebPage\",\"@id\":\"https:\\\/\\\/lejasdespapes.com\\\/fr\\\/produits\\\/\",\"url\":\"https:\\\/\\\/lejasdespapes.com\\\/fr\\\/produits\\\/\",\"name\":\"Les Vins - lejasdespapes\",\"isPartOf\":{\"@id\":\"https:\\\/\\\/lejasdespapes.com\\\/#website\"},\"primaryImageOfPage\":{\"@id\":\"https:\\\/\\\/lejasdespapes.com\\\/fr\\\/produits\\\/#primaryimage\"},\"image\":{\"@id\":\"https:\\\/\\\/lejasdespapes.com\\\/fr\\\/produits\\\/#primaryimage\"},\"thumbnailUrl\":\"https:\\\/\\\/lejasdespapes.com\\\/wp-content\\\/uploads\\\/sites\\\/3\\\/2023\\\/10\\\/Cuvee-Rouge_sans-millesime1.png\",\"datePublished\":\"2023-10-09T08:47:17+00:00\",\"dateModified\":\"2024-03-22T11:07:09+00:00\",\"breadcrumb\":{\"@id\":\"https:\\\/\\\/lejasdespapes.com\\\/fr\\\/produits\\\/#breadcrumb\"},\"inLanguage\":\"fr-FR\",\"potentialAction\":[{\"@type\":\"ReadAction\",\"target\":[\"https:\\\/\\\/lejasdespapes.com\\\/fr\\\/produits\\\/\"]}]},{\"@type\":\"ImageObject\",\"inLanguage\":\"fr-FR\",\"@id\":\"https:\\\/\\\/lejasdespapes.com\\\/fr\\\/produits\\\/#primaryimage\",\"url\":\"https:\\\/\\\/lejasdespapes.com\\\/wp-content\\\/uploads\\\/sites\\\/3\\\/2023\\\/10\\\/Cuvee-Rouge_sans-millesime1.png\",\"contentUrl\":\"https:\\\/\\\/lejasdespapes.com\\\/wp-content\\\/uploads\\\/sites\\\/3\\\/2023\\\/10\\\/Cuvee-Rouge_sans-millesime1.png\",\"width\":2848,\"height\":4287},{\"@type\":\"BreadcrumbList\",\"@id\":\"https:\\\/\\\/lejasdespapes.com\\\/fr\\\/produits\\\/#breadcrumb\",\"itemListElement\":[{\"@type\":\"ListItem\",\"position\":1,\"name\":\"Home\",\"item\":\"https:\\\/\\\/lejasdespapes.com\\\/fr\\\/\"},{\"@type\":\"ListItem\",\"position\":2,\"name\":\"Les Vins\"}]},{\"@type\":\"WebSite\",\"@id\":\"https:\\\/\\\/lejasdespapes.com\\\/#website\",\"url\":\"https:\\\/\\\/lejasdespapes.com\\\/\",\"name\":\"lejasdespapes\",\"description\":\"\",\"potentialAction\":[{\"@type\":\"SearchAction\",\"target\":{\"@type\":\"EntryPoint\",\"urlTemplate\":\"https:\\\/\\\/lejasdespapes.com\\\/?s={search_term_string}\"},\"query-input\":{\"@type\":\"PropertyValueSpecification\",\"valueRequired\":true,\"valueName\":\"search_term_string\"}}],\"inLanguage\":\"fr-FR\"}]}<\/script>\n<!-- \/ Yoast SEO plugin. -->","yoast_head_json":{"title":"Les Vins - lejasdespapes","robots":{"index":"index","follow":"follow","max-snippet":"max-snippet:-1","max-image-preview":"max-image-preview:large","max-video-preview":"max-video-preview:-1"},"canonical":"https:\/\/lejasdespapes.com\/fr\/produits\/","og_locale":"fr_FR","og_type":"article","og_title":"Les Vins - lejasdespapes","og_description":"[vc_section full_width=\u00a0\u00bbstretch_row\u00a0\u00bb el_class=\u00a0\u00bbblock-22 c1-bg\u00a0\u00bb][vc_row full_width=\u00a0\u00bbstretch_row\u00a0\u00bb css=\u00a0\u00bb.vc_custom_1702918441395{background-image: url(https:\/\/lejasdespapes.com\/wp-content\/uploads\/sites\/3\/2023\/12\/Photo-164.jpg?id=1190) !important;background-position: center !important;background-repeat: no-repeat !important;background-size: cover !important;}\u00a0\u00bb el_class=\u00a0\u00bbheading-row\u00a0\u00bb][vc_column][vc_column_text el_class=\u00a0\u00bbbreadcrumbs\u00a0\u00bb][\/vc_column_text][vc_column_text el_class=\u00a0\u00bbsection-title\u00a0\u00bb]LES VINS[\/vc_column_text][\/vc_column][\/vc_row][vc_row el_class=\u00a0\u00bbscroll-row\u00a0\u00bb][vc_column][vc_column_text el_class=\u00a0\u00bbscroll-text\u00a0\u00bb] D\u00e9couvrez nos vins bio [\/vc_column_text][\/vc_column][\/vc_row][\/vc_section][vc_section full_width=\u00a0\u00bbstretch_row\u00a0\u00bb el_class=\u00a0\u00bbblock-1 v-2-text-right c1-bg\u00a0\u00bb][vc_row equal_height=\u00a0\u00bbyes\u00a0\u00bb][vc_column width=\u00a0\u00bb1\/2&Prime; el_class=\u00a0\u00bbmy-col-1&Prime;][vc_row_inner equal_height=\u00a0\u00bbyes\u00a0\u00bb][vc_column_inner el_class=\u00a0\u00bbmy-sub-col-1&Prime; width=\u00a0\u00bb1\/2&Prime;][vc_single_image image=\u00a0\u00bb1310&Prime; img_size=\u00a0\u00bbfull\u00a0\u00bb][\/vc_column_inner][vc_column_inner el_class=\u00a0\u00bbmy-sub-col-2&Prime; width=\u00a0\u00bb1\/2&Prime;][vc_single_image image=\u00a0\u00bb1313&Prime; img_size=\u00a0\u00bbfull\u00a0\u00bb][\/vc_column_inner][\/vc_row_inner][\/vc_column][vc_column width=\u00a0\u00bb1\/2&Prime; el_class=\u00a0\u00bbmy-col-2&Prime;][vc_column_text el_class=\u00a0\u00bbtitle\u00a0\u00bb]Notre philosophie[\/vc_column_text][vc_column_text el_class=\u00a0\u00bbtext\u00a0\u00bb]Nous croyons \u00e0 la vinification simple et traditionnelle, \u00e9vitant les [&hellip;]","og_url":"https:\/\/lejasdespapes.com\/fr\/produits\/","og_site_name":"lejasdespapes","article_modified_time":"2024-03-22T11:07:09+00:00","og_image":[{"width":2848,"height":4287,"url":"https:\/\/lejasdespapes.com\/wp-content\/uploads\/sites\/3\/2023\/10\/Cuvee-Rouge_sans-millesime1.png","type":"image\/png"}],"twitter_card":"summary_large_image","twitter_misc":{"Dur\u00e9e de lecture estim\u00e9e":"2 minutes"},"schema":{"@context":"https:\/\/schema.org","@graph":[{"@type":"WebPage","@id":"https:\/\/lejasdespapes.com\/fr\/produits\/","url":"https:\/\/lejasdespapes.com\/fr\/produits\/","name":"Les Vins - lejasdespapes","isPartOf":{"@id":"https:\/\/lejasdespapes.com\/#website"},"primaryImageOfPage":{"@id":"https:\/\/lejasdespapes.com\/fr\/produits\/#primaryimage"},"image":{"@id":"https:\/\/lejasdespapes.com\/fr\/produits\/#primaryimage"},"thumbnailUrl":"https:\/\/lejasdespapes.com\/wp-content\/uploads\/sites\/3\/2023\/10\/Cuvee-Rouge_sans-millesime1.png","datePublished":"2023-10-09T08:47:17+00:00","dateModified":"2024-03-22T11:07:09+00:00","breadcrumb":{"@id":"https:\/\/lejasdespapes.com\/fr\/produits\/#breadcrumb"},"inLanguage":"fr-FR","potentialAction":[{"@type":"ReadAction","target":["https:\/\/lejasdespapes.com\/fr\/produits\/"]}]},{"@type":"ImageObject","inLanguage":"fr-FR","@id":"https:\/\/lejasdespapes.com\/fr\/produits\/#primaryimage","url":"https:\/\/lejasdespapes.com\/wp-content\/uploads\/sites\/3\/2023\/10\/Cuvee-Rouge_sans-millesime1.png","contentUrl":"https:\/\/lejasdespapes.com\/wp-content\/uploads\/sites\/3\/2023\/10\/Cuvee-Rouge_sans-millesime1.png","width":2848,"height":4287},{"@type":"BreadcrumbList","@id":"https:\/\/lejasdespapes.com\/fr\/produits\/#breadcrumb","itemListElement":[{"@type":"ListItem","position":1,"name":"Home","item":"https:\/\/lejasdespapes.com\/fr\/"},{"@type":"ListItem","position":2,"name":"Les Vins"}]},{"@type":"WebSite","@id":"https:\/\/lejasdespapes.com\/#website","url":"https:\/\/lejasdespapes.com\/","name":"lejasdespapes","description":"","potentialAction":[{"@type":"SearchAction","target":{"@type":"EntryPoint","urlTemplate":"https:\/\/lejasdespapes.com\/?s={search_term_string}"},"query-input":{"@type":"PropertyValueSpecification","valueRequired":true,"valueName":"search_term_string"}}],"inLanguage":"fr-FR"}]}},"_links":{"self":[{"href":"https:\/\/lejasdespapes.com\/fr\/wp-json\/wp\/v2\/pages\/841","targetHints":{"allow":["GET"]}}],"collection":[{"href":"https:\/\/lejasdespapes.com\/fr\/wp-json\/wp\/v2\/pages"}],"about":[{"href":"https:\/\/lejasdespapes.com\/fr\/wp-json\/wp\/v2\/types\/page"}],"author":[{"embeddable":true,"href":"https:\/\/lejasdespapes.com\/fr\/wp-json\/wp\/v2\/users\/1"}],"replies":[{"embeddable":true,"href":"https:\/\/lejasdespapes.com\/fr\/wp-json\/wp\/v2\/comments?post=841"}],"version-history":[{"count":3,"href":"https:\/\/lejasdespapes.com\/fr\/wp-json\/wp\/v2\/pages\/841\/revisions"}],"predecessor-version":[{"id":1403,"href":"https:\/\/lejasdespapes.com\/fr\/wp-json\/wp\/v2\/pages\/841\/revisions\/1403"}],"wp:featuredmedia":[{"embeddable":true,"href":"https:\/\/lejasdespapes.com\/fr\/wp-json\/wp\/v2\/media\/1122"}],"wp:attachment":[{"href":"https:\/\/lejasdespapes.com\/fr\/wp-json\/wp\/v2\/media?parent=841"}],"curies":[{"name":"wp","href":"https:\/\/api.w.org\/{rel}","templated":true}]}}